{"id":2021,"date":"2023-06-01T15:06:29","date_gmt":"2023-06-01T19:06:29","guid":{"rendered":"https:\/\/axceta.basalte.dev\/contact-copy\/"},"modified":"2024-09-04T15:07:03","modified_gmt":"2024-09-04T19:07:03","slug":"blogue","status":"publish","type":"page","link":"https:\/\/axceta.com\/fr\/blogue\/","title":{"rendered":"Blogue"},"content":{"rendered":"\t\t<div data-elementor-type=\"wp-page\" data-elementor-id=\"2021\" class=\"elementor elementor-2021\" data-elementor-post-type=\"page\">\n\t\t\t\t\t\t<section class=\"elementor-section elementor-top-section elementor-element elementor-element-8f421f6 elementor-section-boxed elementor-section-height-default elementor-section-height-default\" data-id=\"8f421f6\" data-element_type=\"section\">\n\t\t\t\t\t\t<div class=\"elementor-container elementor-column-gap-no\">\n\t\t\t\t\t<div class=\"elementor-column elementor-col-100 elementor-top-column elementor-element elementor-element-c538aeb\" data-id=\"c538aeb\" data-element_type=\"column\">\n\t\t\t<div class=\"elementor-widget-wrap elementor-element-populated\">\n\t\t\t\t\t\t<div class=\"elementor-element elementor-element-e3fb9fc elementor-widget elementor-widget-heading\" data-id=\"e3fb9fc\" data-element_type=\"widget\" data-widget_type=\"heading.default\">\n\t\t\t\t<div class=\"elementor-widget-container\">\n\t\t\t\t\t<h1 class=\"elementor-heading-title elementor-size-default\">Blogue<\/h1>\t\t\t\t<\/div>\n\t\t\t\t<\/div>\n\t\t\t\t\t<\/div>\n\t\t<\/div>\n\t\t\t\t\t<\/div>\n\t\t<\/section>\n\t\t\t\t<section class=\"elementor-section elementor-top-section elementor-element elementor-element-0b372bc elementor-section-boxed elementor-section-height-default elementor-section-height-default\" data-id=\"0b372bc\" data-element_type=\"section\">\n\t\t\t\t\t\t<div class=\"elementor-container elementor-column-gap-no\">\n\t\t\t\t\t<div class=\"elementor-column elementor-col-100 elementor-top-column elementor-element elementor-element-b4ef801\" data-id=\"b4ef801\" data-element_type=\"column\" data-settings=\"{&quot;background_background&quot;:&quot;classic&quot;}\">\n\t\t\t<div class=\"elementor-widget-wrap elementor-element-populated\">\n\t\t\t\t\t\t<section class=\"elementor-section elementor-inner-section elementor-element elementor-element-1616655 elementor-section-boxed elementor-section-height-default elementor-section-height-default\" data-id=\"1616655\" data-element_type=\"section\">\n\t\t\t\t\t\t<div class=\"elementor-container elementor-column-gap-no\">\n\t\t\t\t\t<div class=\"elementor-column elementor-col-100 elementor-inner-column elementor-element elementor-element-8572dc4\" data-id=\"8572dc4\" data-element_type=\"column\">\n\t\t\t<div class=\"elementor-widget-wrap elementor-element-populated\">\n\t\t\t\t\t\t<div class=\"elementor-element elementor-element-b9c7b6e elementor-grid-1 elementor-grid-tablet-1 elementor-posts--thumbnail-right elementor-grid-mobile-1 elementor-widget elementor-widget-posts\" data-id=\"b9c7b6e\" data-element_type=\"widget\" data-settings=\"{&quot;classic_columns&quot;:&quot;1&quot;,&quot;classic_columns_tablet&quot;:&quot;1&quot;,&quot;classic_columns_mobile&quot;:&quot;1&quot;,&quot;classic_row_gap&quot;:{&quot;unit&quot;:&quot;px&quot;,&quot;size&quot;:35,&quot;sizes&quot;:[]},&quot;classic_row_gap_laptop&quot;:{&quot;unit&quot;:&quot;px&quot;,&quot;size&quot;:&quot;&quot;,&quot;sizes&quot;:[]},&quot;classic_row_gap_tablet&quot;:{&quot;unit&quot;:&quot;px&quot;,&quot;size&quot;:&quot;&quot;,&quot;sizes&quot;:[]},&quot;classic_row_gap_mobile&quot;:{&quot;unit&quot;:&quot;px&quot;,&quot;size&quot;:&quot;&quot;,&quot;sizes&quot;:[]}}\" data-widget_type=\"posts.classic\">\n\t\t\t\t<div class=\"elementor-widget-container\">\n\t\t\t\t\t\t\t<div class=\"elementor-posts-container elementor-posts elementor-posts--skin-classic elementor-grid\" role=\"list\">\n\t\t\t\t<article class=\"elementor-post elementor-grid-item post-3917 post type-post status-publish format-standard has-post-thumbnail hentry category-non-classifiee tag-aiot-fr tag-embedded-fr tag-iot-fr tag-mining-fr tag-pdac-fr\" role=\"listitem\">\n\t\t\t\t<a class=\"elementor-post__thumbnail__link\" href=\"https:\/\/axceta.com\/fr\/pdac2026\/\" tabindex=\"-1\" >\n\t\t\t<div class=\"elementor-post__thumbnail\"><img fetchpriority=\"high\" decoding=\"async\" width=\"1920\" height=\"1080\" src=\"https:\/\/axceta.com\/wp-content\/uploads\/2026\/03\/PDAC-2026.png\" class=\"attachment-full size-full wp-image-3904\" alt=\"\" srcset=\"https:\/\/axceta.com\/wp-content\/uploads\/2026\/03\/PDAC-2026.png 1920w, https:\/\/axceta.com\/wp-content\/uploads\/2026\/03\/PDAC-2026-300x169.png 300w, https:\/\/axceta.com\/wp-content\/uploads\/2026\/03\/PDAC-2026-1024x576.png 1024w, https:\/\/axceta.com\/wp-content\/uploads\/2026\/03\/PDAC-2026-768x432.png 768w, https:\/\/axceta.com\/wp-content\/uploads\/2026\/03\/PDAC-2026-1536x864.png 1536w\" sizes=\"(max-width: 1920px) 100vw, 1920px\" \/><\/div>\n\t\t<\/a>\n\t\t\t\t<div class=\"elementor-post__text\">\n\t\t\t\t<h2 class=\"elementor-post__title\">\n\t\t\t<a href=\"https:\/\/axceta.com\/fr\/pdac2026\/\" >\n\t\t\t\tAgir maintenant ou rester en arri\u00e8re : Ce que le PDAC 2026 a r\u00e9v\u00e9l\u00e9 sur la R&#038;D et le \u00ab\u00a0Time to Market\u00a0\u00bb\t\t\t<\/a>\n\t\t<\/h2>\n\t\t\t\t<div class=\"elementor-post__meta-data\">\n\t\t\t\t\t<span class=\"elementor-post-date\">\n\t\t\t19 mars 2026\t\t<\/span>\n\t\t\t\t<\/div>\n\t\t\n\t\t<a class=\"elementor-post__read-more\" href=\"https:\/\/axceta.com\/fr\/pdac2026\/\" aria-label=\"En savoir plus sur Agir maintenant ou rester en arri\u00e8re : Ce que le PDAC 2026 a r\u00e9v\u00e9l\u00e9 sur la R&#038;D et le \u00ab\u00a0Time to Market\u00a0\u00bb\" tabindex=\"-1\" >\n\t\t\tEn savoir plus\t\t<\/a>\n\n\t\t\t\t<\/div>\n\t\t\t\t<\/article>\n\t\t\t\t<\/div>\n\t\t\n\t\t\t\t\t\t<\/div>\n\t\t\t\t<\/div>\n\t\t\t\t\t<\/div>\n\t\t<\/div>\n\t\t\t\t\t<\/div>\n\t\t<\/section>\n\t\t\t\t\t<\/div>\n\t\t<\/div>\n\t\t\t\t\t<\/div>\n\t\t<\/section>\n\t\t\t\t<section class=\"elementor-section elementor-top-section elementor-element elementor-element-5bdb88d elementor-section-boxed elementor-section-height-default elementor-section-height-default\" data-id=\"5bdb88d\" data-element_type=\"section\">\n\t\t\t\t\t\t<div class=\"elementor-container elementor-column-gap-no\">\n\t\t\t\t\t<div class=\"elementor-column elementor-col-100 elementor-top-column elementor-element elementor-element-e28226f\" data-id=\"e28226f\" data-element_type=\"column\">\n\t\t\t<div class=\"elementor-widget-wrap elementor-element-populated\">\n\t\t\t\t\t\t<div class=\"elementor-element elementor-element-0d52f81 elementor-grid-laptop-3 elementor-grid-3 elementor-grid-tablet-2 elementor-grid-mobile-1 elementor-posts--thumbnail-top elementor-widget elementor-widget-posts\" data-id=\"0d52f81\" data-element_type=\"widget\" data-settings=\"{&quot;classic_columns_laptop&quot;:&quot;3&quot;,&quot;classic_row_gap&quot;:{&quot;unit&quot;:&quot;px&quot;,&quot;size&quot;:30,&quot;sizes&quot;:[]},&quot;pagination_type&quot;:&quot;numbers&quot;,&quot;classic_columns&quot;:&quot;3&quot;,&quot;classic_columns_tablet&quot;:&quot;2&quot;,&quot;classic_columns_mobile&quot;:&quot;1&quot;,&quot;classic_row_gap_laptop&quot;:{&quot;unit&quot;:&quot;px&quot;,&quot;size&quot;:&quot;&quot;,&quot;sizes&quot;:[]},&quot;classic_row_gap_tablet&quot;:{&quot;unit&quot;:&quot;px&quot;,&quot;size&quot;:&quot;&quot;,&quot;sizes&quot;:[]},&quot;classic_row_gap_mobile&quot;:{&quot;unit&quot;:&quot;px&quot;,&quot;size&quot;:&quot;&quot;,&quot;sizes&quot;:[]}}\" data-widget_type=\"posts.classic\">\n\t\t\t\t<div class=\"elementor-widget-container\">\n\t\t\t\t\t\t\t<div class=\"elementor-posts-container elementor-posts elementor-posts--skin-classic elementor-grid\" role=\"list\">\n\t\t\t\t<article class=\"elementor-post elementor-grid-item post-3890 post type-post status-publish format-standard has-post-thumbnail hentry category-non-classifiee tag-aiot-fr tag-embedded-fr tag-hardtech tag-iot-fr tag-partenariat tag-partnership\" role=\"listitem\">\n\t\t\t\t<a class=\"elementor-post__thumbnail__link\" href=\"https:\/\/axceta.com\/fr\/garageco\/\" tabindex=\"-1\" >\n\t\t\t<div class=\"elementor-post__thumbnail\"><img decoding=\"async\" width=\"1920\" height=\"1080\" src=\"https:\/\/axceta.com\/wp-content\/uploads\/2026\/02\/Garageco.png\" class=\"attachment-full size-full wp-image-3892\" alt=\"\" srcset=\"https:\/\/axceta.com\/wp-content\/uploads\/2026\/02\/Garageco.png 1920w, https:\/\/axceta.com\/wp-content\/uploads\/2026\/02\/Garageco-300x169.png 300w, https:\/\/axceta.com\/wp-content\/uploads\/2026\/02\/Garageco-1024x576.png 1024w, https:\/\/axceta.com\/wp-content\/uploads\/2026\/02\/Garageco-768x432.png 768w, https:\/\/axceta.com\/wp-content\/uploads\/2026\/02\/Garageco-1536x864.png 1536w\" sizes=\"(max-width: 1920px) 100vw, 1920px\" \/><\/div>\n\t\t<\/a>\n\t\t\t\t<div class=\"elementor-post__text\">\n\t\t\t\t<h2 class=\"elementor-post__title\">\n\t\t\t<a href=\"https:\/\/axceta.com\/fr\/garageco\/\" >\n\t\t\t\tAxceta devient partenaire de Garage&#038;co pour propulser l\u2019entrepreneuriat et l\u2019innovation hardtech au Qu\u00e9bec\t\t\t<\/a>\n\t\t<\/h2>\n\t\t\t\t<div class=\"elementor-post__meta-data\">\n\t\t\t\t\t<span class=\"elementor-post-date\">\n\t\t\t11 f\u00e9vrier 2026\t\t<\/span>\n\t\t\t\t<\/div>\n\t\t\t\t<\/div>\n\t\t\t\t<\/article>\n\t\t\t\t<article class=\"elementor-post elementor-grid-item post-3882 post type-post status-publish format-standard has-post-thumbnail hentry category-non-classifiee tag-aiot-fr tag-embedded-fr tag-iot-fr tag-live-data-fr tag-metrics-fr\" role=\"listitem\">\n\t\t\t\t<a class=\"elementor-post__thumbnail__link\" href=\"https:\/\/axceta.com\/fr\/acquisition-de-donnees-en-temps-reel-via-liot-guide-complet\/\" tabindex=\"-1\" >\n\t\t\t<div class=\"elementor-post__thumbnail\"><img decoding=\"async\" width=\"2560\" height=\"1396\" src=\"https:\/\/axceta.com\/wp-content\/uploads\/2025\/12\/Gemini_Generated_Image_yjqlmeyjqlmeyjql-scaled.png\" class=\"attachment-full size-full wp-image-3869\" alt=\"\" srcset=\"https:\/\/axceta.com\/wp-content\/uploads\/2025\/12\/Gemini_Generated_Image_yjqlmeyjqlmeyjql-scaled.png 2560w, https:\/\/axceta.com\/wp-content\/uploads\/2025\/12\/Gemini_Generated_Image_yjqlmeyjqlmeyjql-300x164.png 300w, https:\/\/axceta.com\/wp-content\/uploads\/2025\/12\/Gemini_Generated_Image_yjqlmeyjqlmeyjql-1024x559.png 1024w, https:\/\/axceta.com\/wp-content\/uploads\/2025\/12\/Gemini_Generated_Image_yjqlmeyjqlmeyjql-768x419.png 768w, https:\/\/axceta.com\/wp-content\/uploads\/2025\/12\/Gemini_Generated_Image_yjqlmeyjqlmeyjql-1536x838.png 1536w, https:\/\/axceta.com\/wp-content\/uploads\/2025\/12\/Gemini_Generated_Image_yjqlmeyjqlmeyjql-2048x1117.png 2048w\" sizes=\"(max-width: 2560px) 100vw, 2560px\" \/><\/div>\n\t\t<\/a>\n\t\t\t\t<div class=\"elementor-post__text\">\n\t\t\t\t<h2 class=\"elementor-post__title\">\n\t\t\t<a href=\"https:\/\/axceta.com\/fr\/acquisition-de-donnees-en-temps-reel-via-liot-guide-complet\/\" >\n\t\t\t\tAcquisition de Donn\u00e9es en Temps R\u00e9el via l\u2019IoT : Guide Complet\t\t\t<\/a>\n\t\t<\/h2>\n\t\t\t\t<div class=\"elementor-post__meta-data\">\n\t\t\t\t\t<span class=\"elementor-post-date\">\n\t\t\t4 d\u00e9cembre 2025\t\t<\/span>\n\t\t\t\t<\/div>\n\t\t\t\t<\/div>\n\t\t\t\t<\/article>\n\t\t\t\t<article class=\"elementor-post elementor-grid-item post-3427 post type-post status-publish format-standard has-post-thumbnail hentry category-non-classifiee\" role=\"listitem\">\n\t\t\t\t<a class=\"elementor-post__thumbnail__link\" href=\"https:\/\/axceta.com\/fr\/le-reseau-intelligent-propulse-par-lia-comment-liot-et-lia-revolutionnent-lenergie\/\" tabindex=\"-1\" >\n\t\t\t<div class=\"elementor-post__thumbnail\"><img loading=\"lazy\" decoding=\"async\" width=\"1920\" height=\"1080\" src=\"https:\/\/axceta.com\/wp-content\/uploads\/2025\/05\/Energy_-Connected-Futures.png\" class=\"attachment-full size-full wp-image-3421\" alt=\"\" srcset=\"https:\/\/axceta.com\/wp-content\/uploads\/2025\/05\/Energy_-Connected-Futures.png 1920w, https:\/\/axceta.com\/wp-content\/uploads\/2025\/05\/Energy_-Connected-Futures-300x169.png 300w, https:\/\/axceta.com\/wp-content\/uploads\/2025\/05\/Energy_-Connected-Futures-1024x576.png 1024w, https:\/\/axceta.com\/wp-content\/uploads\/2025\/05\/Energy_-Connected-Futures-768x432.png 768w, https:\/\/axceta.com\/wp-content\/uploads\/2025\/05\/Energy_-Connected-Futures-1536x864.png 1536w\" sizes=\"(max-width: 1920px) 100vw, 1920px\" \/><\/div>\n\t\t<\/a>\n\t\t\t\t<div class=\"elementor-post__text\">\n\t\t\t\t<h2 class=\"elementor-post__title\">\n\t\t\t<a href=\"https:\/\/axceta.com\/fr\/le-reseau-intelligent-propulse-par-lia-comment-liot-et-lia-revolutionnent-lenergie\/\" >\n\t\t\t\tLe r\u00e9seau intelligent propuls\u00e9 par l\u2019IA : comment l\u2019IoT et l\u2019IA r\u00e9volutionnent l\u2019\u00e9nergie\t\t\t<\/a>\n\t\t<\/h2>\n\t\t\t\t<div class=\"elementor-post__meta-data\">\n\t\t\t\t\t<span class=\"elementor-post-date\">\n\t\t\t28 mai 2025\t\t<\/span>\n\t\t\t\t<\/div>\n\t\t\t\t<\/div>\n\t\t\t\t<\/article>\n\t\t\t\t<article class=\"elementor-post elementor-grid-item post-3404 post type-post status-publish format-standard has-post-thumbnail hentry category-minier\" role=\"listitem\">\n\t\t\t\t<a class=\"elementor-post__thumbnail__link\" href=\"https:\/\/axceta.com\/fr\/connectivite-miniere-intelligente-axceta-et-arkys-ouvrent-la-voie-a-une-nouvelle-ere-souterraine\/\" tabindex=\"-1\" >\n\t\t\t<div class=\"elementor-post__thumbnail\"><img loading=\"lazy\" decoding=\"async\" width=\"2560\" height=\"1702\" src=\"https:\/\/axceta.com\/wp-content\/uploads\/2025\/04\/AdobeStock_565711142-scaled.jpeg\" class=\"attachment-full size-full wp-image-3393\" alt=\"\" srcset=\"https:\/\/axceta.com\/wp-content\/uploads\/2025\/04\/AdobeStock_565711142-scaled.jpeg 2560w, https:\/\/axceta.com\/wp-content\/uploads\/2025\/04\/AdobeStock_565711142-300x199.jpeg 300w, https:\/\/axceta.com\/wp-content\/uploads\/2025\/04\/AdobeStock_565711142-1024x681.jpeg 1024w, https:\/\/axceta.com\/wp-content\/uploads\/2025\/04\/AdobeStock_565711142-768x511.jpeg 768w, https:\/\/axceta.com\/wp-content\/uploads\/2025\/04\/AdobeStock_565711142-1536x1021.jpeg 1536w, https:\/\/axceta.com\/wp-content\/uploads\/2025\/04\/AdobeStock_565711142-2048x1362.jpeg 2048w\" sizes=\"(max-width: 2560px) 100vw, 2560px\" \/><\/div>\n\t\t<\/a>\n\t\t\t\t<div class=\"elementor-post__text\">\n\t\t\t\t<h2 class=\"elementor-post__title\">\n\t\t\t<a href=\"https:\/\/axceta.com\/fr\/connectivite-miniere-intelligente-axceta-et-arkys-ouvrent-la-voie-a-une-nouvelle-ere-souterraine\/\" >\n\t\t\t\tConnectivit\u00e9 mini\u00e8re intelligente: Axceta et Arkys ouvrent la voie \u00e0 une nouvelle \u00e8re souterraine\t\t\t<\/a>\n\t\t<\/h2>\n\t\t\t\t<div class=\"elementor-post__meta-data\">\n\t\t\t\t\t<span class=\"elementor-post-date\">\n\t\t\t30 avril 2025\t\t<\/span>\n\t\t\t\t<\/div>\n\t\t\t\t<\/div>\n\t\t\t\t<\/article>\n\t\t\t\t<article class=\"elementor-post elementor-grid-item post-3375 post type-post status-publish format-standard has-post-thumbnail hentry category-non-classifiee\" role=\"listitem\">\n\t\t\t\t<a class=\"elementor-post__thumbnail__link\" href=\"https:\/\/axceta.com\/fr\/exploration-nouvelle-generation-sans-cables-ni-attente\/\" tabindex=\"-1\" >\n\t\t\t<div class=\"elementor-post__thumbnail\"><img loading=\"lazy\" decoding=\"async\" width=\"1920\" height=\"1080\" src=\"https:\/\/axceta.com\/wp-content\/uploads\/2025\/04\/Abitibi-Geo-3D.png\" class=\"attachment-full size-full wp-image-3383\" alt=\"\" srcset=\"https:\/\/axceta.com\/wp-content\/uploads\/2025\/04\/Abitibi-Geo-3D.png 1920w, https:\/\/axceta.com\/wp-content\/uploads\/2025\/04\/Abitibi-Geo-3D-300x169.png 300w, https:\/\/axceta.com\/wp-content\/uploads\/2025\/04\/Abitibi-Geo-3D-1024x576.png 1024w, https:\/\/axceta.com\/wp-content\/uploads\/2025\/04\/Abitibi-Geo-3D-768x432.png 768w, https:\/\/axceta.com\/wp-content\/uploads\/2025\/04\/Abitibi-Geo-3D-1536x864.png 1536w\" sizes=\"(max-width: 1920px) 100vw, 1920px\" \/><\/div>\n\t\t<\/a>\n\t\t\t\t<div class=\"elementor-post__text\">\n\t\t\t\t<h2 class=\"elementor-post__title\">\n\t\t\t<a href=\"https:\/\/axceta.com\/fr\/exploration-nouvelle-generation-sans-cables-ni-attente\/\" >\n\t\t\t\tExploration nouvelle g\u00e9n\u00e9ration : sans c\u00e2bles ni attente\t\t\t<\/a>\n\t\t<\/h2>\n\t\t\t\t<div class=\"elementor-post__meta-data\">\n\t\t\t\t\t<span class=\"elementor-post-date\">\n\t\t\t24 avril 2025\t\t<\/span>\n\t\t\t\t<\/div>\n\t\t\t\t<\/div>\n\t\t\t\t<\/article>\n\t\t\t\t<article class=\"elementor-post elementor-grid-item post-3347 post type-post status-publish format-standard has-post-thumbnail hentry category-non-classifiee tag-edge-ai-fr tag-iot-fr\" role=\"listitem\">\n\t\t\t\t<a class=\"elementor-post__thumbnail__link\" href=\"https:\/\/axceta.com\/fr\/des-donnees-a-lautonomie-comment-lia-et-liot-transforment-le-secteur-minier\/\" tabindex=\"-1\" >\n\t\t\t<div class=\"elementor-post__thumbnail\"><img loading=\"lazy\" decoding=\"async\" width=\"1920\" height=\"1080\" src=\"https:\/\/axceta.com\/wp-content\/uploads\/2025\/04\/Connected-Futures_Mining.png\" class=\"attachment-full size-full wp-image-3343\" alt=\"\" srcset=\"https:\/\/axceta.com\/wp-content\/uploads\/2025\/04\/Connected-Futures_Mining.png 1920w, https:\/\/axceta.com\/wp-content\/uploads\/2025\/04\/Connected-Futures_Mining-300x169.png 300w, https:\/\/axceta.com\/wp-content\/uploads\/2025\/04\/Connected-Futures_Mining-1024x576.png 1024w, https:\/\/axceta.com\/wp-content\/uploads\/2025\/04\/Connected-Futures_Mining-768x432.png 768w, https:\/\/axceta.com\/wp-content\/uploads\/2025\/04\/Connected-Futures_Mining-1536x864.png 1536w\" sizes=\"(max-width: 1920px) 100vw, 1920px\" \/><\/div>\n\t\t<\/a>\n\t\t\t\t<div class=\"elementor-post__text\">\n\t\t\t\t<h2 class=\"elementor-post__title\">\n\t\t\t<a href=\"https:\/\/axceta.com\/fr\/des-donnees-a-lautonomie-comment-lia-et-liot-transforment-le-secteur-minier\/\" >\n\t\t\t\tDes donn\u00e9es \u00e0 l\u2019autonomie : comment l\u2019IA et l\u2019IoT transforment le secteur minier\t\t\t<\/a>\n\t\t<\/h2>\n\t\t\t\t<div class=\"elementor-post__meta-data\">\n\t\t\t\t\t<span class=\"elementor-post-date\">\n\t\t\t15 avril 2025\t\t<\/span>\n\t\t\t\t<\/div>\n\t\t\t\t<\/div>\n\t\t\t\t<\/article>\n\t\t\t\t<article class=\"elementor-post elementor-grid-item post-3332 post type-post status-publish format-standard has-post-thumbnail hentry category-non-classifiee tag-edge-ai-fr\" role=\"listitem\">\n\t\t\t\t<a class=\"elementor-post__thumbnail__link\" href=\"https:\/\/axceta.com\/fr\/futurs-connectes-comment-lia-et-liot-faconnent-2025\/\" tabindex=\"-1\" >\n\t\t\t<div class=\"elementor-post__thumbnail\"><img loading=\"lazy\" decoding=\"async\" width=\"1920\" height=\"1080\" src=\"https:\/\/axceta.com\/wp-content\/uploads\/2025\/04\/Connected-Futuresintro.png\" class=\"attachment-full size-full wp-image-3326\" alt=\"\" srcset=\"https:\/\/axceta.com\/wp-content\/uploads\/2025\/04\/Connected-Futuresintro.png 1920w, https:\/\/axceta.com\/wp-content\/uploads\/2025\/04\/Connected-Futuresintro-300x169.png 300w, https:\/\/axceta.com\/wp-content\/uploads\/2025\/04\/Connected-Futuresintro-1024x576.png 1024w, https:\/\/axceta.com\/wp-content\/uploads\/2025\/04\/Connected-Futuresintro-768x432.png 768w, https:\/\/axceta.com\/wp-content\/uploads\/2025\/04\/Connected-Futuresintro-1536x864.png 1536w\" sizes=\"(max-width: 1920px) 100vw, 1920px\" \/><\/div>\n\t\t<\/a>\n\t\t\t\t<div class=\"elementor-post__text\">\n\t\t\t\t<h2 class=\"elementor-post__title\">\n\t\t\t<a href=\"https:\/\/axceta.com\/fr\/futurs-connectes-comment-lia-et-liot-faconnent-2025\/\" >\n\t\t\t\tFuturs Connect\u00e9s: comment l&rsquo;IA et l&rsquo;IoT fa\u00e7onnent 2025\t\t\t<\/a>\n\t\t<\/h2>\n\t\t\t\t<div class=\"elementor-post__meta-data\">\n\t\t\t\t\t<span class=\"elementor-post-date\">\n\t\t\t9 avril 2025\t\t<\/span>\n\t\t\t\t<\/div>\n\t\t\t\t<\/div>\n\t\t\t\t<\/article>\n\t\t\t\t<article class=\"elementor-post elementor-grid-item post-3308 post type-post status-publish format-standard has-post-thumbnail hentry category-agtech-fr\" role=\"listitem\">\n\t\t\t\t<a class=\"elementor-post__thumbnail__link\" href=\"https:\/\/axceta.com\/fr\/zone-agtech-bayer-et-axceta\/\" tabindex=\"-1\" >\n\t\t\t<div class=\"elementor-post__thumbnail\"><img loading=\"lazy\" decoding=\"async\" width=\"1920\" height=\"1080\" src=\"https:\/\/axceta.com\/wp-content\/uploads\/2025\/03\/Consortium.png\" class=\"attachment-full size-full wp-image-3305\" alt=\"\" srcset=\"https:\/\/axceta.com\/wp-content\/uploads\/2025\/03\/Consortium.png 1920w, https:\/\/axceta.com\/wp-content\/uploads\/2025\/03\/Consortium-300x169.png 300w, https:\/\/axceta.com\/wp-content\/uploads\/2025\/03\/Consortium-1024x576.png 1024w, https:\/\/axceta.com\/wp-content\/uploads\/2025\/03\/Consortium-768x432.png 768w, https:\/\/axceta.com\/wp-content\/uploads\/2025\/03\/Consortium-1536x864.png 1536w\" sizes=\"(max-width: 1920px) 100vw, 1920px\" \/><\/div>\n\t\t<\/a>\n\t\t\t\t<div class=\"elementor-post__text\">\n\t\t\t\t<h2 class=\"elementor-post__title\">\n\t\t\t<a href=\"https:\/\/axceta.com\/fr\/zone-agtech-bayer-et-axceta\/\" >\n\t\t\t\tZone Agtech, Bayer et Axceta signent une entente pour cr\u00e9er un consortium d\u2019innovation en agtech et technologies de serre\t\t\t<\/a>\n\t\t<\/h2>\n\t\t\t\t<div class=\"elementor-post__meta-data\">\n\t\t\t\t\t<span class=\"elementor-post-date\">\n\t\t\t31 mars 2025\t\t<\/span>\n\t\t\t\t<\/div>\n\t\t\t\t<\/div>\n\t\t\t\t<\/article>\n\t\t\t\t<article class=\"elementor-post elementor-grid-item post-3261 post type-post status-publish format-standard has-post-thumbnail hentry category-non-classifiee\" role=\"listitem\">\n\t\t\t\t<a class=\"elementor-post__thumbnail__link\" href=\"https:\/\/axceta.com\/fr\/tomographie-bruit-ambiant\/\" tabindex=\"-1\" >\n\t\t\t<div class=\"elementor-post__thumbnail\"><img loading=\"lazy\" decoding=\"async\" width=\"2000\" height=\"1143\" src=\"https:\/\/axceta.com\/wp-content\/uploads\/2024\/12\/CAUR.jpg\" class=\"attachment-full size-full wp-image-3265\" alt=\"\" srcset=\"https:\/\/axceta.com\/wp-content\/uploads\/2024\/12\/CAUR.jpg 2000w, https:\/\/axceta.com\/wp-content\/uploads\/2024\/12\/CAUR-300x171.jpg 300w, https:\/\/axceta.com\/wp-content\/uploads\/2024\/12\/CAUR-1024x585.jpg 1024w, https:\/\/axceta.com\/wp-content\/uploads\/2024\/12\/CAUR-768x439.jpg 768w, https:\/\/axceta.com\/wp-content\/uploads\/2024\/12\/CAUR-1536x878.jpg 1536w\" sizes=\"(max-width: 2000px) 100vw, 2000px\" \/><\/div>\n\t\t<\/a>\n\t\t\t\t<div class=\"elementor-post__text\">\n\t\t\t\t<h2 class=\"elementor-post__title\">\n\t\t\t<a href=\"https:\/\/axceta.com\/fr\/tomographie-bruit-ambiant\/\" >\n\t\t\t\tTransition \u00e9nerg\u00e9tique : Comment la tomographie sans impact ouvre de nouvelles perspectives mini\u00e8res\t\t\t<\/a>\n\t\t<\/h2>\n\t\t\t\t<div class=\"elementor-post__meta-data\">\n\t\t\t\t\t<span class=\"elementor-post-date\">\n\t\t\t13 d\u00e9cembre 2024\t\t<\/span>\n\t\t\t\t<\/div>\n\t\t\t\t<\/div>\n\t\t\t\t<\/article>\n\t\t\t\t<\/div>\n\t\t\n\t\t\t\t<div class=\"e-load-more-anchor\" data-page=\"1\" data-max-page=\"4\" data-next-page=\"https:\/\/axceta.com\/fr\/wp-json\/wp\/v2\/pages\/2021\/page\/2\/\"><\/div>\n\t\t\t\t<nav class=\"elementor-pagination\" aria-label=\"Pagination\">\n\t\t\t<span aria-current=\"page\" class=\"page-numbers current\"><span class=\"elementor-screen-only\">Page<\/span>1<\/span>\n<a class=\"page-numbers\" href=\"https:\/\/axceta.com\/fr\/wp-json\/wp\/v2\/pages\/2021\/page\/2\/\"><span class=\"elementor-screen-only\">Page<\/span>2<\/a>\n<a class=\"page-numbers\" href=\"https:\/\/axceta.com\/fr\/wp-json\/wp\/v2\/pages\/2021\/page\/3\/\"><span class=\"elementor-screen-only\">Page<\/span>3<\/a>\n<a class=\"page-numbers\" href=\"https:\/\/axceta.com\/fr\/wp-json\/wp\/v2\/pages\/2021\/page\/4\/\"><span class=\"elementor-screen-only\">Page<\/span>4<\/a>\t\t<\/nav>\n\t\t\t\t\t\t<\/div>\n\t\t\t\t<\/div>\n\t\t\t\t\t<\/div>\n\t\t<\/div>\n\t\t\t\t\t<\/div>\n\t\t<\/section>\n\t\t\t\t<\/div>\n\t\t","protected":false},"excerpt":{"rendered":"<p>Blogue<\/p>\n","protected":false},"author":5,"featured_media":0,"parent":0,"menu_order":0,"comment_status":"closed","ping_status":"closed","template":"","meta":{"_acf_changed":false,"footnotes":""},"class_list":["post-2021","page","type-page","status-publish","hentry"],"acf":[],"_links":{"self":[{"href":"https:\/\/axceta.com\/fr\/wp-json\/wp\/v2\/pages\/2021","targetHints":{"allow":["GET"]}}],"collection":[{"href":"https:\/\/axceta.com\/fr\/wp-json\/wp\/v2\/pages"}],"about":[{"href":"https:\/\/axceta.com\/fr\/wp-json\/wp\/v2\/types\/page"}],"author":[{"embeddable":true,"href":"https:\/\/axceta.com\/fr\/wp-json\/wp\/v2\/users\/5"}],"replies":[{"embeddable":true,"href":"https:\/\/axceta.com\/fr\/wp-json\/wp\/v2\/comments?post=2021"}],"version-history":[{"count":102,"href":"https:\/\/axceta.com\/fr\/wp-json\/wp\/v2\/pages\/2021\/revisions"}],"predecessor-version":[{"id":3063,"href":"https:\/\/axceta.com\/fr\/wp-json\/wp\/v2\/pages\/2021\/revisions\/3063"}],"wp:attachment":[{"href":"https:\/\/axceta.com\/fr\/wp-json\/wp\/v2\/media?parent=2021"}],"curies":[{"name":"wp","href":"https:\/\/api.w.org\/{rel}","templated":true}]}}